{"id":23,"date":"2025-12-30T21:51:46","date_gmt":"2025-12-30T21:51:46","guid":{"rendered":"https:\/\/aladin-bjj.de\/kontakt\/"},"modified":"2026-01-03T00:20:31","modified_gmt":"2026-01-03T00:20:31","slug":"kontakt","status":"publish","type":"page","link":"https:\/\/aladin-bjj.de\/en\/kontakt\/","title":{"rendered":"Jetzt Probetraining sichern. Teilen Sie uns Ihre W\u00fcnsche mit \u2013 wir k\u00fcmmern uns um den Rest."},"content":{"rendered":"<div class=\"wp-block-group alignfull is-style-ext-preset--group--natural-1--section has-background-background-color has-background has-global-padding is-layout-constrained wp-block-group-is-layout-constrained\" id=\"kontakt\" style=\"margin-top:0;margin-bottom:0;padding-top:var(--wp--preset--spacing--70);padding-bottom:var(--wp--preset--spacing--70)\">\n<div class=\"wp-block-media-text alignwide is-stacked-on-mobile is-image-fill-element is-style-ext-preset--media-text--natural-1--card-1 has-tertiary-background-color has-background is-style-ext-preset--media-text--natural-1--card-1--2\" style=\"grid-template-columns:48% auto\"><figure class=\"wp-block-media-text__media\"><img loading=\"lazy\" decoding=\"async\" width=\"1440\" height=\"1440\" src=\"https:\/\/aladin-bjj.de\/wp-content\/uploads\/2025\/12\/39c3edd6b17e1f932dca8fe81308f07f2d30dbdb.jpg\" alt=\"\" class=\"wp-image-34 size-full\" style=\"object-position:50% 50%\" srcset=\"https:\/\/aladin-bjj.de\/wp-content\/uploads\/2025\/12\/39c3edd6b17e1f932dca8fe81308f07f2d30dbdb.jpg 1440w, https:\/\/aladin-bjj.de\/wp-content\/uploads\/2025\/12\/39c3edd6b17e1f932dca8fe81308f07f2d30dbdb-300x300.jpg 300w, https:\/\/aladin-bjj.de\/wp-content\/uploads\/2025\/12\/39c3edd6b17e1f932dca8fe81308f07f2d30dbdb-1024x1024.jpg 1024w, https:\/\/aladin-bjj.de\/wp-content\/uploads\/2025\/12\/39c3edd6b17e1f932dca8fe81308f07f2d30dbdb-150x150.jpg 150w, https:\/\/aladin-bjj.de\/wp-content\/uploads\/2025\/12\/39c3edd6b17e1f932dca8fe81308f07f2d30dbdb-768x768.jpg 768w, https:\/\/aladin-bjj.de\/wp-content\/uploads\/2025\/12\/39c3edd6b17e1f932dca8fe81308f07f2d30dbdb-12x12.jpg 12w\" sizes=\"auto, (max-width: 1440px) 100vw, 1440px\" \/><\/figure><div class=\"wp-block-media-text__content\">\n<div class=\"wp-block-group alignwide has-global-padding is-layout-constrained wp-container-core-group-is-layout-48493932 wp-block-group-is-layout-constrained\" style=\"padding-top:var(--wp--preset--spacing--55);padding-right:var(--wp--preset--spacing--55);padding-bottom:var(--wp--preset--spacing--55);padding-left:var(--wp--preset--spacing--55)\">\n<div class=\"wp-block-contact-form-7-contact-form-selector\">\n<div class=\"wpcf7 no-js\" id=\"wpcf7-f21-o1\" lang=\"de-DE\" dir=\"ltr\" data-wpcf7-id=\"21\">\n<div class=\"screen-reader-response\"><p role=\"status\" aria-live=\"polite\" aria-atomic=\"true\"><\/p> <ul><\/ul><\/div>\n<form action=\"\/en\/wp-json\/wp\/v2\/pages\/23#wpcf7-f21-o1\" method=\"post\" class=\"wpcf7-form init\" aria-label=\"Kontaktformular\" novalidate=\"novalidate\" data-status=\"init\" data-trp-original-action=\"\/en\/wp-json\/wp\/v2\/pages\/23#wpcf7-f21-o1\">\n<fieldset class=\"hidden-fields-container\"><input type=\"hidden\" name=\"_wpcf7\" value=\"21\" \/><input type=\"hidden\" name=\"_wpcf7_version\" value=\"6.1.5\" \/><input type=\"hidden\" name=\"_wpcf7_locale\" value=\"de_DE\" \/><input type=\"hidden\" name=\"_wpcf7_unit_tag\" value=\"wpcf7-f21-o1\" \/><input type=\"hidden\" name=\"_wpcf7_container_post\" value=\"0\" \/><input type=\"hidden\" name=\"_wpcf7_posted_data_hash\" value=\"\" \/>\n<\/fieldset>\n<p><label> Dein Name<br \/>\n<span class=\"wpcf7-form-control-wrap\" data-name=\"your-name\"><input size=\"40\" maxlength=\"400\" class=\"wpcf7-form-control wpcf7-text wpcf7-validates-as-required\" autocomplete=\"name\" aria-required=\"true\" aria-invalid=\"false\" value=\"\" type=\"text\" name=\"your-name\" \/><\/span> <\/label>\n<\/p>\n<p><label> Deine E-Mail-Adresse<br \/>\n<span class=\"wpcf7-form-control-wrap\" data-name=\"your-email\"><input size=\"40\" maxlength=\"400\" class=\"wpcf7-form-control wpcf7-email wpcf7-validates-as-required wpcf7-text wpcf7-validates-as-email\" autocomplete=\"email\" aria-required=\"true\" aria-invalid=\"false\" value=\"\" type=\"email\" name=\"your-email\" \/><\/span> <\/label>\n<\/p>\n<p><label> <\/label>\n<\/p>\n<h3>Wunschtermin zum Probetraining\n<\/h3>\n<p>Wann passt es Ihnen am besten f\u00fcr Ihr kostenloses Probetraining?<br \/>\n<span class=\"wpcf7-form-control-wrap\" data-name=\"date-48\"><input class=\"wpcf7-form-control wpcf7-date wpcf7-validates-as-date\" min=\"2026-01-01\" max=\"2027-01-01\" aria-invalid=\"false\" value=\"\" type=\"date\" name=\"date-48\" \/><\/span><br \/>\n<label> F\u00fcr welchen Kurs interessieren Sie sich?<br \/>\n<span class=\"wpcf7-form-control-wrap\" data-name=\"checkbox-146\"><span class=\"wpcf7-form-control wpcf7-checkbox\"><span class=\"wpcf7-list-item first\"><label><input type=\"checkbox\" name=\"checkbox-146[]\" value=\"Kinder BJJ\" \/><span class=\"wpcf7-list-item-label\">Kids BJJ<\/span><\/label><\/span><span class=\"wpcf7-list-item last\"><label><input type=\"checkbox\" name=\"checkbox-146[]\" value=\"Erwachsenen BJJ\" \/><span class=\"wpcf7-list-item-label\">Erwachsenen BJJ<\/span><\/label><\/span><\/span><\/span><\/label><br \/>\n<label> Erz\u00e4hlen Sie uns mehr dar\u00fcber, wie wir Sie auf Ihrem BJJ-Weg unterst\u00fctzen k\u00f6nnen. (optional)<br \/>\n<span class=\"wpcf7-form-control-wrap\" data-name=\"your-message\"><textarea cols=\"40\" rows=\"10\" maxlength=\"2000\" class=\"wpcf7-form-control wpcf7-textarea\" aria-invalid=\"false\" name=\"your-message\"><\/textarea><\/span> <\/label>\n<\/p>\n<p><input class=\"wpcf7-form-control wpcf7-submit has-spinner\" type=\"submit\" value=\"Senden\" \/>\n<\/p><div class=\"wpcf7-response-output\" aria-hidden=\"true\"><\/div>\n<input type=\"hidden\" name=\"trp-form-language\" value=\"en\"\/><\/form>\n<\/div>\n<\/div>\n<\/div>\n<\/div><\/div>\n<\/div>","protected":false},"excerpt":{"rendered":"","protected":false},"author":1,"featured_media":0,"parent":0,"menu_order":0,"comment_status":"closed","ping_status":"closed","template":"page-with-title","meta":{"_monsterinsights_skip_tracking":false,"_monsterinsights_sitenote_active":false,"_monsterinsights_sitenote_note":"","_monsterinsights_sitenote_category":0,"footnotes":""},"class_list":["post-23","page","type-page","status-publish","hentry"],"aioseo_notices":[],"_links":{"self":[{"href":"https:\/\/aladin-bjj.de\/en\/wp-json\/wp\/v2\/pages\/23","targetHints":{"allow":["GET"]}}],"collection":[{"href":"https:\/\/aladin-bjj.de\/en\/wp-json\/wp\/v2\/pages"}],"about":[{"href":"https:\/\/aladin-bjj.de\/en\/wp-json\/wp\/v2\/types\/page"}],"author":[{"embeddable":true,"href":"https:\/\/aladin-bjj.de\/en\/wp-json\/wp\/v2\/users\/1"}],"replies":[{"embeddable":true,"href":"https:\/\/aladin-bjj.de\/en\/wp-json\/wp\/v2\/comments?post=23"}],"version-history":[{"count":3,"href":"https:\/\/aladin-bjj.de\/en\/wp-json\/wp\/v2\/pages\/23\/revisions"}],"predecessor-version":[{"id":108,"href":"https:\/\/aladin-bjj.de\/en\/wp-json\/wp\/v2\/pages\/23\/revisions\/108"}],"wp:attachment":[{"href":"https:\/\/aladin-bjj.de\/en\/wp-json\/wp\/v2\/media?parent=23"}],"curies":[{"name":"wp","href":"https:\/\/api.w.org\/{rel}","templated":true}]}}